{"id":2352,"date":"2024-07-22T11:19:40","date_gmt":"2024-07-22T11:19:40","guid":{"rendered":"https:\/\/goalkick.qodeinteractive.com\/?post_type=product&#038;p=2352"},"modified":"2025-11-21T03:51:57","modified_gmt":"2025-11-20T21:51:57","slug":"catch-gloves","status":"publish","type":"product","link":"https:\/\/voltixfc.com\/?product=catch-gloves","title":{"rendered":"Control inal\u00e1mbrico Xbox &#8211; Pulse Red"},"content":{"rendered":"\t\t<div data-elementor-type=\"wp-post\" data-elementor-id=\"2352\" class=\"elementor elementor-2352\" data-elementor-post-type=\"product\">\n\t\t\t\t<div class=\"elementor-element elementor-element-a75ed66 e-con-full e-flex e-con e-parent\" data-id=\"a75ed66\" data-element_type=\"container\" data-e-type=\"container\">\n\t\t\t\t<div class=\"elementor-element elementor-element-e76245f elementor-widget elementor-widget-text-editor\" data-id=\"e76245f\" data-element_type=\"widget\" data-e-type=\"widget\" data-widget_type=\"text-editor.default\">\n\t\t\t\t\t\t\t\t\t<p>Class aptent taciti sociosqu ad litora torquent per conubia nostra, per inceptos himenaeos. Nam eget neque eu ipsum laoreet molestie nec vel nulla. Aenean iaculis, neque ultricies efficitur ultricies, risus sapien dapibus ante, ac venenatis nisi est nec sem. Vestibulum blandit tincidunt felis a cursus. Donec eu tortor vitae metus scelerisque sollicitudin ut congue est. Quisque congue tellus vel finibus.<\/p>\t\t\t\t\t\t\t\t<\/div>\n\t\t\t\t<\/div>\n\t\t\t\t<\/div>\n\t\t","protected":false},"excerpt":{"rendered":"<p><strong data-start=\"237\" data-end=\"275\">Control Inal\u00e1mbrico Xbox Pulse Red<\/strong><br data-start=\"275\" data-end=\"278\" \/>Experimenta precisi\u00f3n, comodidad y estilo con este control oficial de Xbox. Compatible con Xbox Series X|S, Xbox One, PC y dispositivos m\u00f3viles. Incluye agarre texturizado, cruceta h\u00edbrida y bot\u00f3n Share para capturas instant\u00e1neas.<\/p>\n","protected":false},"featured_media":7498,"comment_status":"open","ping_status":"closed","template":"","meta":[],"product_brand":[],"product_cat":[72],"product_tag":[69,70,71,73],"class_list":{"0":"post-2352","1":"product","2":"type-product","3":"status-publish","4":"has-post-thumbnail","6":"product_cat-new","7":"product_tag-kick","8":"product_tag-match","9":"product_tag-men","10":"product_tag-team","12":"first","13":"instock","14":"shipping-taxable","15":"purchasable","16":"product-type-simple"},"yoast_head":"<!-- This site is optimized with the Yoast SEO plugin v26.3 - https:\/\/yoast.com\/wordpress\/plugins\/seo\/ -->\n<title>Control inal\u00e1mbrico Xbox - Pulse Red - Voltix eSports<\/title>\n<meta name=\"robots\" content=\"index, follow, max-snippet:-1, max-image-preview:large, max-video-preview:-1\" \/>\n<link rel=\"canonical\" href=\"https:\/\/voltixfc.com\/?product=catch-gloves\" \/>\n<meta property=\"og:locale\" content=\"es_ES\" \/>\n<meta property=\"og:type\" content=\"article\" \/>\n<meta property=\"og:title\" content=\"Control inal\u00e1mbrico Xbox - Pulse Red - Voltix eSports\" \/>\n<meta property=\"og:description\" content=\"Control Inal\u00e1mbrico Xbox Pulse RedExperimenta precisi\u00f3n, comodidad y estilo con este control oficial de Xbox. Compatible con Xbox Series X|S, Xbox One, PC y dispositivos m\u00f3viles. Incluye agarre texturizado, cruceta h\u00edbrida y bot\u00f3n Share para capturas instant\u00e1neas.\" \/>\n<meta property=\"og:url\" content=\"https:\/\/voltixfc.com\/?product=catch-gloves\" \/>\n<meta property=\"og:site_name\" content=\"Voltix eSports\" \/>\n<meta property=\"article:modified_time\" content=\"2025-11-20T21:51:57+00:00\" \/>\n<meta property=\"og:image\" content=\"https:\/\/voltixfc.com\/wp-content\/uploads\/2024\/07\/200x200.png\" \/>\n\t<meta property=\"og:image:width\" content=\"200\" \/>\n\t<meta property=\"og:image:height\" content=\"200\" \/>\n\t<meta property=\"og:image:type\" content=\"image\/png\" \/>\n<meta name=\"twitter:card\" content=\"summary_large_image\" \/>\n<meta name=\"twitter:label1\" content=\"Tiempo de lectura\" \/>\n\t<meta name=\"twitter:data1\" content=\"1 minuto\" \/>\n<script type=\"application\/ld+json\" class=\"yoast-schema-graph\">{\"@context\":\"https:\/\/schema.org\",\"@graph\":[{\"@type\":\"WebPage\",\"@id\":\"https:\/\/voltixfc.com\/?product=catch-gloves\",\"url\":\"https:\/\/voltixfc.com\/?product=catch-gloves\",\"name\":\"Control inal\u00e1mbrico Xbox - Pulse Red - Voltix eSports\",\"isPartOf\":{\"@id\":\"https:\/\/voltixfc.com\/#website\"},\"primaryImageOfPage\":{\"@id\":\"https:\/\/voltixfc.com\/?product=catch-gloves#primaryimage\"},\"image\":{\"@id\":\"https:\/\/voltixfc.com\/?product=catch-gloves#primaryimage\"},\"thumbnailUrl\":\"https:\/\/voltixfc.com\/wp-content\/uploads\/2024\/07\/200x200.png\",\"datePublished\":\"2024-07-22T11:19:40+00:00\",\"dateModified\":\"2025-11-20T21:51:57+00:00\",\"breadcrumb\":{\"@id\":\"https:\/\/voltixfc.com\/?product=catch-gloves#breadcrumb\"},\"inLanguage\":\"es\",\"potentialAction\":[{\"@type\":\"ReadAction\",\"target\":[\"https:\/\/voltixfc.com\/?product=catch-gloves\"]}]},{\"@type\":\"ImageObject\",\"inLanguage\":\"es\",\"@id\":\"https:\/\/voltixfc.com\/?product=catch-gloves#primaryimage\",\"url\":\"https:\/\/voltixfc.com\/wp-content\/uploads\/2024\/07\/200x200.png\",\"contentUrl\":\"https:\/\/voltixfc.com\/wp-content\/uploads\/2024\/07\/200x200.png\",\"width\":200,\"height\":200},{\"@type\":\"BreadcrumbList\",\"@id\":\"https:\/\/voltixfc.com\/?product=catch-gloves#breadcrumb\",\"itemListElement\":[{\"@type\":\"ListItem\",\"position\":1,\"name\":\"Portada\",\"item\":\"https:\/\/voltixfc.com\/\"},{\"@type\":\"ListItem\",\"position\":2,\"name\":\"Shop\",\"item\":\"https:\/\/voltixfc.com\/?page_id=21\"},{\"@type\":\"ListItem\",\"position\":3,\"name\":\"Control inal\u00e1mbrico Xbox &#8211; Pulse Red\"}]},{\"@type\":\"WebSite\",\"@id\":\"https:\/\/voltixfc.com\/#website\",\"url\":\"https:\/\/voltixfc.com\/\",\"name\":\"Voltix eSports\",\"description\":\"Organizacion de eSports\",\"publisher\":{\"@id\":\"https:\/\/voltixfc.com\/#organization\"},\"potentialAction\":[{\"@type\":\"SearchAction\",\"target\":{\"@type\":\"EntryPoint\",\"urlTemplate\":\"https:\/\/voltixfc.com\/?s={search_term_string}\"},\"query-input\":{\"@type\":\"PropertyValueSpecification\",\"valueRequired\":true,\"valueName\":\"search_term_string\"}}],\"inLanguage\":\"es\"},{\"@type\":\"Organization\",\"@id\":\"https:\/\/voltixfc.com\/#organization\",\"name\":\"Voltix eSports\",\"url\":\"https:\/\/voltixfc.com\/\",\"logo\":{\"@type\":\"ImageObject\",\"inLanguage\":\"es\",\"@id\":\"https:\/\/voltixfc.com\/#\/schema\/logo\/image\/\",\"url\":\"https:\/\/voltixfc.com\/wp-content\/uploads\/2025\/11\/logo-250x250-1.png\",\"contentUrl\":\"https:\/\/voltixfc.com\/wp-content\/uploads\/2025\/11\/logo-250x250-1.png\",\"width\":250,\"height\":250,\"caption\":\"Voltix eSports\"},\"image\":{\"@id\":\"https:\/\/voltixfc.com\/#\/schema\/logo\/image\/\"}}]}<\/script>\n<!-- \/ Yoast SEO plugin. -->","yoast_head_json":{"title":"Control inal\u00e1mbrico Xbox - Pulse Red - Voltix eSports","robots":{"index":"index","follow":"follow","max-snippet":"max-snippet:-1","max-image-preview":"max-image-preview:large","max-video-preview":"max-video-preview:-1"},"canonical":"https:\/\/voltixfc.com\/?product=catch-gloves","og_locale":"es_ES","og_type":"article","og_title":"Control inal\u00e1mbrico Xbox - Pulse Red - Voltix eSports","og_description":"Control Inal\u00e1mbrico Xbox Pulse RedExperimenta precisi\u00f3n, comodidad y estilo con este control oficial de Xbox. Compatible con Xbox Series X|S, Xbox One, PC y dispositivos m\u00f3viles. Incluye agarre texturizado, cruceta h\u00edbrida y bot\u00f3n Share para capturas instant\u00e1neas.","og_url":"https:\/\/voltixfc.com\/?product=catch-gloves","og_site_name":"Voltix eSports","article_modified_time":"2025-11-20T21:51:57+00:00","og_image":[{"width":200,"height":200,"url":"https:\/\/voltixfc.com\/wp-content\/uploads\/2024\/07\/200x200.png","type":"image\/png"}],"twitter_card":"summary_large_image","twitter_misc":{"Tiempo de lectura":"1 minuto"},"schema":{"@context":"https:\/\/schema.org","@graph":[{"@type":"WebPage","@id":"https:\/\/voltixfc.com\/?product=catch-gloves","url":"https:\/\/voltixfc.com\/?product=catch-gloves","name":"Control inal\u00e1mbrico Xbox - Pulse Red - Voltix eSports","isPartOf":{"@id":"https:\/\/voltixfc.com\/#website"},"primaryImageOfPage":{"@id":"https:\/\/voltixfc.com\/?product=catch-gloves#primaryimage"},"image":{"@id":"https:\/\/voltixfc.com\/?product=catch-gloves#primaryimage"},"thumbnailUrl":"https:\/\/voltixfc.com\/wp-content\/uploads\/2024\/07\/200x200.png","datePublished":"2024-07-22T11:19:40+00:00","dateModified":"2025-11-20T21:51:57+00:00","breadcrumb":{"@id":"https:\/\/voltixfc.com\/?product=catch-gloves#breadcrumb"},"inLanguage":"es","potentialAction":[{"@type":"ReadAction","target":["https:\/\/voltixfc.com\/?product=catch-gloves"]}]},{"@type":"ImageObject","inLanguage":"es","@id":"https:\/\/voltixfc.com\/?product=catch-gloves#primaryimage","url":"https:\/\/voltixfc.com\/wp-content\/uploads\/2024\/07\/200x200.png","contentUrl":"https:\/\/voltixfc.com\/wp-content\/uploads\/2024\/07\/200x200.png","width":200,"height":200},{"@type":"BreadcrumbList","@id":"https:\/\/voltixfc.com\/?product=catch-gloves#breadcrumb","itemListElement":[{"@type":"ListItem","position":1,"name":"Portada","item":"https:\/\/voltixfc.com\/"},{"@type":"ListItem","position":2,"name":"Shop","item":"https:\/\/voltixfc.com\/?page_id=21"},{"@type":"ListItem","position":3,"name":"Control inal\u00e1mbrico Xbox &#8211; Pulse Red"}]},{"@type":"WebSite","@id":"https:\/\/voltixfc.com\/#website","url":"https:\/\/voltixfc.com\/","name":"Voltix eSports","description":"Organizacion de eSports","publisher":{"@id":"https:\/\/voltixfc.com\/#organization"},"potentialAction":[{"@type":"SearchAction","target":{"@type":"EntryPoint","urlTemplate":"https:\/\/voltixfc.com\/?s={search_term_string}"},"query-input":{"@type":"PropertyValueSpecification","valueRequired":true,"valueName":"search_term_string"}}],"inLanguage":"es"},{"@type":"Organization","@id":"https:\/\/voltixfc.com\/#organization","name":"Voltix eSports","url":"https:\/\/voltixfc.com\/","logo":{"@type":"ImageObject","inLanguage":"es","@id":"https:\/\/voltixfc.com\/#\/schema\/logo\/image\/","url":"https:\/\/voltixfc.com\/wp-content\/uploads\/2025\/11\/logo-250x250-1.png","contentUrl":"https:\/\/voltixfc.com\/wp-content\/uploads\/2025\/11\/logo-250x250-1.png","width":250,"height":250,"caption":"Voltix eSports"},"image":{"@id":"https:\/\/voltixfc.com\/#\/schema\/logo\/image\/"}}]}},"_links":{"self":[{"href":"https:\/\/voltixfc.com\/index.php?rest_route=\/wp\/v2\/product\/2352","targetHints":{"allow":["GET"]}}],"collection":[{"href":"https:\/\/voltixfc.com\/index.php?rest_route=\/wp\/v2\/product"}],"about":[{"href":"https:\/\/voltixfc.com\/index.php?rest_route=\/wp\/v2\/types\/product"}],"replies":[{"embeddable":true,"href":"https:\/\/voltixfc.com\/index.php?rest_route=%2Fwp%2Fv2%2Fcomments&post=2352"}],"wp:featuredmedia":[{"embeddable":true,"href":"https:\/\/voltixfc.com\/index.php?rest_route=\/wp\/v2\/media\/7498"}],"wp:attachment":[{"href":"https:\/\/voltixfc.com\/index.php?rest_route=%2Fwp%2Fv2%2Fmedia&parent=2352"}],"wp:term":[{"taxonomy":"product_brand","embeddable":true,"href":"https:\/\/voltixfc.com\/index.php?rest_route=%2Fwp%2Fv2%2Fproduct_brand&post=2352"},{"taxonomy":"product_cat","embeddable":true,"href":"https:\/\/voltixfc.com\/index.php?rest_route=%2Fwp%2Fv2%2Fproduct_cat&post=2352"},{"taxonomy":"product_tag","embeddable":true,"href":"https:\/\/voltixfc.com\/index.php?rest_route=%2Fwp%2Fv2%2Fproduct_tag&post=2352"}],"curies":[{"name":"wp","href":"https:\/\/api.w.org\/{rel}","templated":true}]}}