{"id":7789,"date":"2026-03-03T14:02:23","date_gmt":"2026-03-03T08:02:23","guid":{"rendered":"https:\/\/voltixfc.com\/?page_id=7789"},"modified":"2026-03-04T15:13:11","modified_gmt":"2026-03-04T09:13:11","slug":"himno","status":"publish","type":"page","link":"https:\/\/voltixfc.com\/?page_id=7789","title":{"rendered":"himno"},"content":{"rendered":"\n<audio class=\"wp-audio-shortcode\" id=\"audio-7789-1\" preload=\"none\" style=\"width: 100%;\" controls=\"controls\"><source type=\"audio\/mpeg\" src=\"https:\/\/voltixfc.com\/wp-content\/uploads\/2026\/03\/himno-Voltix-eSports-3.mp3?_=1\" \/><a href=\"https:\/\/voltixfc.com\/wp-content\/uploads\/2026\/03\/himno-Voltix-eSports-3.mp3\">https:\/\/voltixfc.com\/wp-content\/uploads\/2026\/03\/himno-Voltix-eSports-3.mp3<\/a><\/audio>\n\n\n\n<h2 class=\"wp-block-heading\">Letra<\/h2>\n\n\n\n<p class=\"has-medium-font-size\">[intro]<br>[verse]<br>Somos Voltix listos para ganar<br>Nada nos puede detener<br>Con pasi\u00f3n vamos a luchar<br>Juntos vamos a vencer<\/p>\n\n\n\n<p class=\"has-medium-font-size\"><br>[pre-chorus]<br>La pantalla brilla sin parar<br>Nuestro equipo es sinigual<br>El rival no podr\u00e1 igualar<br>Esta fuerza que va a estallar<\/p>\n\n\n\n<p class=\"has-medium-font-size\"><br>[chorus]<br>Voltix es la luz que va a brillar<br>En el juego vamos a volar<br>Nada nos puede derrotar<br>Somos los mejores sin dudar<br><br>[verse]<br>Cada click es precisi\u00f3n<br>Cada meta es emoci\u00f3n<br>Nada rompe esta uni\u00f3n<br>Voltix es nuestra canci\u00f3n<\/p>\n\n\n\n<p class=\"has-medium-font-size\"><br>[pre-chorus]<br>La pantalla brilla sin parar<br>Nuestro equipo es sinigual<br>El rival no podr\u00e1 igualar<br>Esta fuerza que va a estallar<\/p>\n\n\n\n<p class=\"has-medium-font-size\"><br>[chorus]<br>Voltix es la luz que va a brillar<br>En el juego vamos a volar<br>Nada nos puede derrotar<br>Somos los mejores sin dudar<\/p>\n\n\n\n<p class=\"has-medium-font-size\"><br>[break]<br>[chorus]<br>Voltix es la luz que va a brillar<br>En el juego vamos a volar<br>Nada nos puede derrotar<br>Somos los mejores sin dudar<\/p>\n\n\n\n<p class=\"has-medium-font-size\">[outro]<\/p>\n\n\n\n<div class=\"wp-block-qi-blocks-spacer qodef-block-container qodef-block-a51f4861\"><div class=\"qi-block-spacer qodef-block qodef-m\"><\/div><\/div>\n\n\n\n<h2 class=\"wp-block-heading\">canciones<\/h2>\n\n\n\n<div class=\"wp-block-qi-blocks-spacer qodef-block-container qodef-block-4b7cbb84\"><div class=\"qi-block-spacer qodef-block qodef-m\"><\/div><\/div>\n\n\n\n<h3 class=\"wp-block-heading\">El pulso se acelera<\/h3>\n\n\n\n<audio class=\"wp-audio-shortcode\" id=\"audio-7789-2\" preload=\"none\" style=\"width: 100%;\" controls=\"controls\"><source type=\"audio\/mpeg\" src=\"https:\/\/voltixfc.com\/wp-content\/uploads\/2026\/03\/El-pulso-acelera-frente-al-cristal-1.mp3?_=2\" \/><a href=\"https:\/\/voltixfc.com\/wp-content\/uploads\/2026\/03\/El-pulso-acelera-frente-al-cristal-1.mp3\">https:\/\/voltixfc.com\/wp-content\/uploads\/2026\/03\/El-pulso-acelera-frente-al-cristal-1.mp3<\/a><\/audio>\n\n\n\n<div class=\"wp-block-qi-blocks-spacer qodef-block-container qodef-block-e4af0868\"><div class=\"qi-block-spacer qodef-block qodef-m\"><\/div><\/div>\n\n\n\n<h3 class=\"wp-block-heading\">Voltix es la luz<\/h3>\n\n\n\n<audio class=\"wp-audio-shortcode\" id=\"audio-7789-3\" preload=\"none\" style=\"width: 100%;\" controls=\"controls\"><source type=\"audio\/mpeg\" src=\"https:\/\/voltixfc.com\/wp-content\/uploads\/2026\/03\/himno-Voltix-eSports-Hip-hop.mp3?_=3\" \/><a href=\"https:\/\/voltixfc.com\/wp-content\/uploads\/2026\/03\/himno-Voltix-eSports-Hip-hop.mp3\">https:\/\/voltixfc.com\/wp-content\/uploads\/2026\/03\/himno-Voltix-eSports-Hip-hop.mp3<\/a><\/audio>\n\n\n\n<p><\/p>\n","protected":false},"excerpt":{"rendered":"<p>https:\/\/voltixfc.com\/wp-content\/uploads\/2026\/03\/himno-Voltix-eSports-3.mp3 Letra [intro][verse]Somos Voltix listos para ganarNada nos puede detenerCon pasi\u00f3n vamos a lucharJuntos vamos a vencer [pre-chorus]La pantalla brilla sin pararNuestro equipo es sinigualEl rival no podr\u00e1 igualarEsta fuerza que va a estallar [chorus]Voltix es la luz que va a brillarEn el juego vamos a volarNada nos puede derrotarSomos los mejores sin dudar [verse]Cada [&hellip;]<\/p>\n","protected":false},"author":1,"featured_media":0,"parent":0,"menu_order":0,"comment_status":"closed","ping_status":"closed","template":"","meta":{"footnotes":""},"class_list":["post-7789","page","type-page","status-publish","hentry"],"yoast_head":"<!-- This site is optimized with the Yoast SEO plugin v26.3 - https:\/\/yoast.com\/wordpress\/plugins\/seo\/ -->\n<title>himno - Voltix eSports<\/title>\n<meta name=\"robots\" content=\"index, follow, max-snippet:-1, max-image-preview:large, max-video-preview:-1\" \/>\n<link rel=\"canonical\" href=\"https:\/\/voltixfc.com\/?page_id=7789\" \/>\n<meta property=\"og:locale\" content=\"es_ES\" \/>\n<meta property=\"og:type\" content=\"article\" \/>\n<meta property=\"og:title\" content=\"himno - Voltix eSports\" \/>\n<meta property=\"og:description\" content=\"https:\/\/voltixfc.com\/wp-content\/uploads\/2026\/03\/himno-Voltix-eSports-3.mp3 Letra [intro][verse]Somos Voltix listos para ganarNada nos puede detenerCon pasi\u00f3n vamos a lucharJuntos vamos a vencer [pre-chorus]La pantalla brilla sin pararNuestro equipo es sinigualEl rival no podr\u00e1 igualarEsta fuerza que va a estallar [chorus]Voltix es la luz que va a brillarEn el juego vamos a volarNada nos puede derrotarSomos los mejores sin dudar [verse]Cada [&hellip;]\" \/>\n<meta property=\"og:url\" content=\"https:\/\/voltixfc.com\/?page_id=7789\" \/>\n<meta property=\"og:site_name\" content=\"Voltix eSports\" \/>\n<meta property=\"article:modified_time\" content=\"2026-03-04T09:13:11+00:00\" \/>\n<meta name=\"twitter:card\" content=\"summary_large_image\" \/>\n<meta name=\"twitter:label1\" content=\"Tiempo de lectura\" \/>\n\t<meta name=\"twitter:data1\" content=\"1 minuto\" \/>\n<script type=\"application\/ld+json\" class=\"yoast-schema-graph\">{\"@context\":\"https:\/\/schema.org\",\"@graph\":[{\"@type\":\"WebPage\",\"@id\":\"https:\/\/voltixfc.com\/?page_id=7789\",\"url\":\"https:\/\/voltixfc.com\/?page_id=7789\",\"name\":\"himno - Voltix eSports\",\"isPartOf\":{\"@id\":\"https:\/\/voltixfc.com\/#website\"},\"datePublished\":\"2026-03-03T08:02:23+00:00\",\"dateModified\":\"2026-03-04T09:13:11+00:00\",\"breadcrumb\":{\"@id\":\"https:\/\/voltixfc.com\/?page_id=7789#breadcrumb\"},\"inLanguage\":\"es\",\"potentialAction\":[{\"@type\":\"ReadAction\",\"target\":[\"https:\/\/voltixfc.com\/?page_id=7789\"]}]},{\"@type\":\"BreadcrumbList\",\"@id\":\"https:\/\/voltixfc.com\/?page_id=7789#breadcrumb\",\"itemListElement\":[{\"@type\":\"ListItem\",\"position\":1,\"name\":\"Portada\",\"item\":\"https:\/\/voltixfc.com\/\"},{\"@type\":\"ListItem\",\"position\":2,\"name\":\"himno\"}]},{\"@type\":\"WebSite\",\"@id\":\"https:\/\/voltixfc.com\/#website\",\"url\":\"https:\/\/voltixfc.com\/\",\"name\":\"Voltix eSports\",\"description\":\"Organizacion de eSports\",\"publisher\":{\"@id\":\"https:\/\/voltixfc.com\/#organization\"},\"potentialAction\":[{\"@type\":\"SearchAction\",\"target\":{\"@type\":\"EntryPoint\",\"urlTemplate\":\"https:\/\/voltixfc.com\/?s={search_term_string}\"},\"query-input\":{\"@type\":\"PropertyValueSpecification\",\"valueRequired\":true,\"valueName\":\"search_term_string\"}}],\"inLanguage\":\"es\"},{\"@type\":\"Organization\",\"@id\":\"https:\/\/voltixfc.com\/#organization\",\"name\":\"Voltix eSports\",\"url\":\"https:\/\/voltixfc.com\/\",\"logo\":{\"@type\":\"ImageObject\",\"inLanguage\":\"es\",\"@id\":\"https:\/\/voltixfc.com\/#\/schema\/logo\/image\/\",\"url\":\"https:\/\/voltixfc.com\/wp-content\/uploads\/2025\/11\/logo-250x250-1.png\",\"contentUrl\":\"https:\/\/voltixfc.com\/wp-content\/uploads\/2025\/11\/logo-250x250-1.png\",\"width\":250,\"height\":250,\"caption\":\"Voltix eSports\"},\"image\":{\"@id\":\"https:\/\/voltixfc.com\/#\/schema\/logo\/image\/\"}}]}<\/script>\n<!-- \/ Yoast SEO plugin. -->","yoast_head_json":{"title":"himno - Voltix eSports","robots":{"index":"index","follow":"follow","max-snippet":"max-snippet:-1","max-image-preview":"max-image-preview:large","max-video-preview":"max-video-preview:-1"},"canonical":"https:\/\/voltixfc.com\/?page_id=7789","og_locale":"es_ES","og_type":"article","og_title":"himno - Voltix eSports","og_description":"https:\/\/voltixfc.com\/wp-content\/uploads\/2026\/03\/himno-Voltix-eSports-3.mp3 Letra [intro][verse]Somos Voltix listos para ganarNada nos puede detenerCon pasi\u00f3n vamos a lucharJuntos vamos a vencer [pre-chorus]La pantalla brilla sin pararNuestro equipo es sinigualEl rival no podr\u00e1 igualarEsta fuerza que va a estallar [chorus]Voltix es la luz que va a brillarEn el juego vamos a volarNada nos puede derrotarSomos los mejores sin dudar [verse]Cada [&hellip;]","og_url":"https:\/\/voltixfc.com\/?page_id=7789","og_site_name":"Voltix eSports","article_modified_time":"2026-03-04T09:13:11+00:00","twitter_card":"summary_large_image","twitter_misc":{"Tiempo de lectura":"1 minuto"},"schema":{"@context":"https:\/\/schema.org","@graph":[{"@type":"WebPage","@id":"https:\/\/voltixfc.com\/?page_id=7789","url":"https:\/\/voltixfc.com\/?page_id=7789","name":"himno - Voltix eSports","isPartOf":{"@id":"https:\/\/voltixfc.com\/#website"},"datePublished":"2026-03-03T08:02:23+00:00","dateModified":"2026-03-04T09:13:11+00:00","breadcrumb":{"@id":"https:\/\/voltixfc.com\/?page_id=7789#breadcrumb"},"inLanguage":"es","potentialAction":[{"@type":"ReadAction","target":["https:\/\/voltixfc.com\/?page_id=7789"]}]},{"@type":"BreadcrumbList","@id":"https:\/\/voltixfc.com\/?page_id=7789#breadcrumb","itemListElement":[{"@type":"ListItem","position":1,"name":"Portada","item":"https:\/\/voltixfc.com\/"},{"@type":"ListItem","position":2,"name":"himno"}]},{"@type":"WebSite","@id":"https:\/\/voltixfc.com\/#website","url":"https:\/\/voltixfc.com\/","name":"Voltix eSports","description":"Organizacion de eSports","publisher":{"@id":"https:\/\/voltixfc.com\/#organization"},"potentialAction":[{"@type":"SearchAction","target":{"@type":"EntryPoint","urlTemplate":"https:\/\/voltixfc.com\/?s={search_term_string}"},"query-input":{"@type":"PropertyValueSpecification","valueRequired":true,"valueName":"search_term_string"}}],"inLanguage":"es"},{"@type":"Organization","@id":"https:\/\/voltixfc.com\/#organization","name":"Voltix eSports","url":"https:\/\/voltixfc.com\/","logo":{"@type":"ImageObject","inLanguage":"es","@id":"https:\/\/voltixfc.com\/#\/schema\/logo\/image\/","url":"https:\/\/voltixfc.com\/wp-content\/uploads\/2025\/11\/logo-250x250-1.png","contentUrl":"https:\/\/voltixfc.com\/wp-content\/uploads\/2025\/11\/logo-250x250-1.png","width":250,"height":250,"caption":"Voltix eSports"},"image":{"@id":"https:\/\/voltixfc.com\/#\/schema\/logo\/image\/"}}]}},"_links":{"self":[{"href":"https:\/\/voltixfc.com\/index.php?rest_route=\/wp\/v2\/pages\/7789","targetHints":{"allow":["GET"]}}],"collection":[{"href":"https:\/\/voltixfc.com\/index.php?rest_route=\/wp\/v2\/pages"}],"about":[{"href":"https:\/\/voltixfc.com\/index.php?rest_route=\/wp\/v2\/types\/page"}],"author":[{"embeddable":true,"href":"https:\/\/voltixfc.com\/index.php?rest_route=\/wp\/v2\/users\/1"}],"replies":[{"embeddable":true,"href":"https:\/\/voltixfc.com\/index.php?rest_route=%2Fwp%2Fv2%2Fcomments&post=7789"}],"version-history":[{"count":12,"href":"https:\/\/voltixfc.com\/index.php?rest_route=\/wp\/v2\/pages\/7789\/revisions"}],"predecessor-version":[{"id":7810,"href":"https:\/\/voltixfc.com\/index.php?rest_route=\/wp\/v2\/pages\/7789\/revisions\/7810"}],"wp:attachment":[{"href":"https:\/\/voltixfc.com\/index.php?rest_route=%2Fwp%2Fv2%2Fmedia&parent=7789"}],"curies":[{"name":"wp","href":"https:\/\/api.w.org\/{rel}","templated":true}]}}